{"id":96,"date":"2024-08-25T07:24:17","date_gmt":"2024-08-25T07:24:17","guid":{"rendered":"https:\/\/sjaviera.cl\/?page_id=96"},"modified":"2025-06-16T18:25:18","modified_gmt":"2025-06-16T18:25:18","slug":"escuela-sustentable","status":"publish","type":"page","link":"https:\/\/sjaviera.cl\/?page_id=96","title":{"rendered":"ESCUELA SUSTENTABLE"},"content":{"rendered":"\n<figure class=\"wp-block-image size-large\"><img fetchpriority=\"high\" decoding=\"async\" width=\"1024\" height=\"103\" src=\"https:\/\/sjaviera.cl\/wp-content\/uploads\/2024\/08\/banner-escuela-1024x103.jpg\" alt=\"\" class=\"wp-image-108\" srcset=\"https:\/\/sjaviera.cl\/wp-content\/uploads\/2024\/08\/banner-escuela-1024x103.jpg 1024w, https:\/\/sjaviera.cl\/wp-content\/uploads\/2024\/08\/banner-escuela-300x30.jpg 300w, https:\/\/sjaviera.cl\/wp-content\/uploads\/2024\/08\/banner-escuela-768x77.jpg 768w, https:\/\/sjaviera.cl\/wp-content\/uploads\/2024\/08\/banner-escuela-1536x154.jpg 1536w, https:\/\/sjaviera.cl\/wp-content\/uploads\/2024\/08\/banner-escuela.jpg 1598w\" sizes=\"(max-width: 1024px) 100vw, 1024px\" \/><\/figure>\n\n\n\n<p class=\"has-medium-font-size\"><strong>EDUCACI\u00d3N AMBIENTAL<\/strong> <\/p>\n\n\n\n<p class=\"has-black-color has-text-color has-link-color wp-elements-763471e02909abebca7c09aa3b3283a2\">En el marco de las bases curriculares y acogiendo la necesidad imperante de una educaci\u00f3n ambiental y val\u00f3rica, nuestro proyecto educativo tambi\u00e9n quiere invitar a la comunidad educativa a involucrarse y ser protagonistas del cambio de la perspectiva educativa del siglo XXI. No solo debemos pretender que nuestros ni\u00f1os y ni\u00f1as desarrollen su potencial cognitivo y psicomotor, la formaci\u00f3n de ciudadanos ambientalmente responsables es tambi\u00e9n nuestra tarea.<\/p>\n\n\n\n<p class=\"has-black-color has-text-color has-link-color wp-elements-bcb7d16ee403c781eb745f9b1f25f789\">Queremos crear conciencia y comprensi\u00f3n de los problemas que afectan el medio ambiente con el prop\u00f3sito de fomentar actitudes positivas hacia su medio m\u00e1s pr\u00f3ximo desarrollan o temas contingentes en la sala de clases y facilitar la integraci\u00f3n transversal de la educaci\u00f3n&nbsp; ambiental.<\/p>\n\n\n\n<p class=\"has-black-color has-text-color has-link-color wp-elements-ae28f02fc5a361b146f072de5fbe0766\">Desde el humanismo ecol\u00f3gico, la reinterpretaci\u00f3n cr\u00edtica del curr\u00edculum, sit\u00faa los ejes transversales como organizadores de los conocimientos que la ense\u00f1anza obligatoria a de transmitir y divulgar para lograr la formaci\u00f3n cr\u00edtica e integral de los futuros ciudadanos educados e valores, como la convivencia democr\u00e1tica y el sentido de la responsabilidad social y ambiental.<\/p>\n\n\n\n<p class=\"has-black-color has-text-color has-link-color wp-elements-6f2355c70ee1748d0019c7ddfb98d6d4\">El humanismo ecol\u00f3gico ha propiciado un acercamiento entre las ciencias que estudian el medio natural y las ciencias que estudian la sociedad. Si desde la raz\u00f3n \u00e9tica se asume la responsabilidad&nbsp; para la solidaridad con los coet\u00e1neos, la nueva reflexi\u00f3n cient\u00edfica aconseja se solidarios tambi\u00e9n con los que a\u00fan no han nacido, sustituyendo las relaciones de dominio el ser humano sobre la naturaleza y del ser humano sobre el ser humano por relaciones armoniosas&nbsp; y equilibradas, en las que la persona deja de entender la naturaleza como un recurso&nbsp; ilimitado que domina, explota y controla, empieza a sentirse parte integrante la naturaleza y construye una nueva visi\u00f3n&nbsp; de los problemas sociales y ambientales<\/p>\n\n\n\n<p class=\"has-black-color has-text-color has-link-color wp-elements-2c989d69cf906f2e7c9a4413ea9b2ada\">Desarrollar la educaci\u00f3n ambiental en nuestro centro educativo supone la&nbsp;&nbsp; reflexi\u00f3n y un consenso colectivo , atendiendo a las profundas implicaciones que tendr\u00e1 en todos los \u00e1mbitos de la&nbsp; vida escolar. Incidir\u00e1 en el perfil del alumnado que se quiere formar, en los objetivos generales del centro, en la selecci\u00f3n y secuenciaci\u00f3n de los contenidos que se quieran priorizar, en el modelo organizativo, en la metodolog\u00eda y en los criterios e instrumento de evaluaci\u00f3n. Por ello, como todos los ejes transversales del curr\u00edculum, tiene un gran potencial transformador, no solo en lo social, sino tambi\u00e9n de la concepci\u00f3n de la educaci\u00f3n, potenciando la reflexi\u00f3n sobre la funci\u00f3n e incidencia que puede tener la educaci\u00f3n en la construcci\u00f3n de la sociedad y fomentando las metodolog\u00edas interactivas<\/p>\n\n\n\n<figure class=\"wp-block-image size-large\"><img decoding=\"async\" width=\"1024\" height=\"1024\" src=\"https:\/\/sjaviera.cl\/wp-content\/uploads\/2024\/11\/3-COLLAGE-1024x1024.jpg\" alt=\"\" class=\"wp-image-295\" srcset=\"https:\/\/sjaviera.cl\/wp-content\/uploads\/2024\/11\/3-COLLAGE-1024x1024.jpg 1024w, https:\/\/sjaviera.cl\/wp-content\/uploads\/2024\/11\/3-COLLAGE-300x300.jpg 300w, https:\/\/sjaviera.cl\/wp-content\/uploads\/2024\/11\/3-COLLAGE-150x150.jpg 150w, https:\/\/sjaviera.cl\/wp-content\/uploads\/2024\/11\/3-COLLAGE-768x768.jpg 768w, https:\/\/sjaviera.cl\/wp-content\/uploads\/2024\/11\/3-COLLAGE-1536x1536.jpg 1536w, https:\/\/sjaviera.cl\/wp-content\/uploads\/2024\/11\/3-COLLAGE.jpg 1664w\" sizes=\"(max-width: 1024px) 100vw, 1024px\" \/><\/figure>\n","protected":false},"excerpt":{"rendered":"<p>EDUCACI\u00d3N AMBIENTAL En el marco de las bases curriculares y acogiendo la necesidad imperante de una educaci\u00f3n ambiental y val\u00f3rica, nuestro proyecto<\/p>\n<p class=\"link-more\"><a class=\"myButt \" href=\"https:\/\/sjaviera.cl\/?page_id=96\">Leer m\u00e1s<\/a><\/p>\n","protected":false},"author":1,"featured_media":0,"parent":0,"menu_order":0,"comment_status":"closed","ping_status":"closed","template":"","meta":{"om_disable_all_campaigns":false,"footnotes":""},"class_list":["post-96","page","type-page","status-publish","hentry"],"_links":{"self":[{"href":"https:\/\/sjaviera.cl\/index.php?rest_route=\/wp\/v2\/pages\/96","targetHints":{"allow":["GET"]}}],"collection":[{"href":"https:\/\/sjaviera.cl\/index.php?rest_route=\/wp\/v2\/pages"}],"about":[{"href":"https:\/\/sjaviera.cl\/index.php?rest_route=\/wp\/v2\/types\/page"}],"author":[{"embeddable":true,"href":"https:\/\/sjaviera.cl\/index.php?rest_route=\/wp\/v2\/users\/1"}],"replies":[{"embeddable":true,"href":"https:\/\/sjaviera.cl\/index.php?rest_route=%2Fwp%2Fv2%2Fcomments&post=96"}],"version-history":[{"count":6,"href":"https:\/\/sjaviera.cl\/index.php?rest_route=\/wp\/v2\/pages\/96\/revisions"}],"predecessor-version":[{"id":763,"href":"https:\/\/sjaviera.cl\/index.php?rest_route=\/wp\/v2\/pages\/96\/revisions\/763"}],"wp:attachment":[{"href":"https:\/\/sjaviera.cl\/index.php?rest_route=%2Fwp%2Fv2%2Fmedia&parent=96"}],"curies":[{"name":"wp","href":"https:\/\/api.w.org\/{rel}","templated":true}]}}