{"id":247,"date":"2024-11-08T18:01:44","date_gmt":"2024-11-08T18:01:44","guid":{"rendered":"https:\/\/sjaviera.cl\/?page_id=247"},"modified":"2025-07-18T14:30:34","modified_gmt":"2025-07-18T14:30:34","slug":"terminos-y-condiciones","status":"publish","type":"page","link":"https:\/\/sjaviera.cl\/?page_id=247","title":{"rendered":"EXCELENCIA AMBIENTAL"},"content":{"rendered":"\n<figure class=\"wp-block-image size-large\"><img fetchpriority=\"high\" decoding=\"async\" width=\"1024\" height=\"683\" src=\"https:\/\/sjaviera.cl\/wp-content\/uploads\/2024\/11\/bandera-excelencia-1024x683.jpg\" alt=\"\" class=\"wp-image-274\" srcset=\"https:\/\/sjaviera.cl\/wp-content\/uploads\/2024\/11\/bandera-excelencia-1024x683.jpg 1024w, https:\/\/sjaviera.cl\/wp-content\/uploads\/2024\/11\/bandera-excelencia-300x200.jpg 300w, https:\/\/sjaviera.cl\/wp-content\/uploads\/2024\/11\/bandera-excelencia-768x512.jpg 768w, https:\/\/sjaviera.cl\/wp-content\/uploads\/2024\/11\/bandera-excelencia.jpg 1047w\" sizes=\"(max-width: 1024px) 100vw, 1024px\" \/><\/figure>\n\n\n\n<h2 class=\"wp-block-heading\"><strong>Certificaci\u00f3n Ambiental, \u00abNivel de Excelencia\u00bb<\/strong><\/h2>\n\n\n\n<p class=\"has-medium-font-size\">Felicitaciones a la \u00abEscuela Santa Javiera\u00bb obtiene Certificaci\u00f3n Ambiental, <strong>\u00abNivel de Excelencia\u00bb<\/strong><\/p>\n\n\n\n<p class=\"has-medium-font-size\">Nos llena de orgullo que nuestra Escuela obtenga esta importante certificaci\u00f3n. Es un reconocimiento a un trabajo y gesti\u00f3n colectiva de nuestra comunidad y que nos motiva a seguir comprometidos por el desarrollo de acciones y promoci\u00f3n de valores ambientales tendientes a instaurar procesos de educaci\u00f3n ambiental en nuestra comunidad educativa.<\/p>\n\n\n\n<div style=\"height:42px\" aria-hidden=\"true\" class=\"wp-block-spacer\"><\/div>\n\n\n\n<figure class=\"wp-block-image size-large\"><img decoding=\"async\" width=\"1024\" height=\"621\" src=\"https:\/\/sjaviera.cl\/wp-content\/uploads\/2024\/11\/CERTIFICADO-1024x621.jpg\" alt=\"\" class=\"wp-image-287\" srcset=\"https:\/\/sjaviera.cl\/wp-content\/uploads\/2024\/11\/CERTIFICADO-1024x621.jpg 1024w, https:\/\/sjaviera.cl\/wp-content\/uploads\/2024\/11\/CERTIFICADO-300x182.jpg 300w, https:\/\/sjaviera.cl\/wp-content\/uploads\/2024\/11\/CERTIFICADO-768x465.jpg 768w, https:\/\/sjaviera.cl\/wp-content\/uploads\/2024\/11\/CERTIFICADO-1536x931.jpg 1536w, https:\/\/sjaviera.cl\/wp-content\/uploads\/2024\/11\/CERTIFICADO.jpg 1569w\" sizes=\"(max-width: 1024px) 100vw, 1024px\" \/><\/figure>\n\n\n\n<br>\n","protected":false},"excerpt":{"rendered":"<p>Certificaci\u00f3n Ambiental, \u00abNivel de Excelencia\u00bb Felicitaciones a la \u00abEscuela Santa Javiera\u00bb obtiene Certificaci\u00f3n Ambiental, \u00abNivel de Excelencia\u00bb Nos llena de orgullo que<\/p>\n<p class=\"link-more\"><a class=\"myButt \" href=\"https:\/\/sjaviera.cl\/?page_id=247\">Leer m\u00e1s<\/a><\/p>\n","protected":false},"author":1,"featured_media":0,"parent":0,"menu_order":0,"comment_status":"closed","ping_status":"closed","template":"","meta":{"om_disable_all_campaigns":false,"footnotes":""},"class_list":["post-247","page","type-page","status-publish","hentry"],"_links":{"self":[{"href":"https:\/\/sjaviera.cl\/index.php?rest_route=\/wp\/v2\/pages\/247","targetHints":{"allow":["GET"]}}],"collection":[{"href":"https:\/\/sjaviera.cl\/index.php?rest_route=\/wp\/v2\/pages"}],"about":[{"href":"https:\/\/sjaviera.cl\/index.php?rest_route=\/wp\/v2\/types\/page"}],"author":[{"embeddable":true,"href":"https:\/\/sjaviera.cl\/index.php?rest_route=\/wp\/v2\/users\/1"}],"replies":[{"embeddable":true,"href":"https:\/\/sjaviera.cl\/index.php?rest_route=%2Fwp%2Fv2%2Fcomments&post=247"}],"version-history":[{"count":3,"href":"https:\/\/sjaviera.cl\/index.php?rest_route=\/wp\/v2\/pages\/247\/revisions"}],"predecessor-version":[{"id":764,"href":"https:\/\/sjaviera.cl\/index.php?rest_route=\/wp\/v2\/pages\/247\/revisions\/764"}],"wp:attachment":[{"href":"https:\/\/sjaviera.cl\/index.php?rest_route=%2Fwp%2Fv2%2Fmedia&parent=247"}],"curies":[{"name":"wp","href":"https:\/\/api.w.org\/{rel}","templated":true}]}}